{"id":19,"date":"2017-07-10T09:59:06","date_gmt":"2017-07-10T09:59:06","guid":{"rendered":"https:\/\/movingdog.ch\/?page_id=19"},"modified":"2020-06-25T10:51:10","modified_gmt":"2020-06-25T10:51:10","slug":"ueber-mich","status":"publish","type":"page","link":"https:\/\/movingdog.ch\/?page_id=19","title":{"rendered":"\u00dcber mich"},"content":{"rendered":"<p>Schon seit ich denken kann, durfte ich die grenzenlose Liebe von Tieren erfahren und hatte zugleich das Gl\u00fcck mit Ihnen aufwachsen zu d\u00fcrfen. Am Anfang waren es zwei Katzen, danach waren es M\u00e4use, Meerschweinchen und Hasen, die ich gerettet und gepflegt habe. Meine Mutter unterst\u00fctzte mich in all meinen Ideen, half mir diese zu realisieren und das machte mich zu der Person die ich heute bin. F\u00fcr diese Unterst\u00fctzung bin ich sehr dankbar. Als ich 12 Jahre alt war bekamen wir unsere Familienh\u00fcndin Kimba, eine italienische Strassenmischung. Ich verbrachte jede freie Minute mit Ihr und so wurde sie zu meiner besten Freundin. Nebenbei nahm meine Mutter zwei weitere Ferienhunde auf, welche mein Leben zus\u00e4tzlich bereicherten.<\/p>\n<p>Im 2012 schloss ich meine Lehre als Detailhandelsfachfrau EFZ erfolgreich ab.<\/p>\n<p>Im Jahr 2015 merkte ich immer mehr, dass meine berufliche Bestimmung woanders liegt. Da ich mich mein Leben lang so sehr mit Tieren auseinandersetzte &amp; verbunden f\u00fchlte, war es mein Traum mich f\u00fcr diese einzusetzen und Ihnen so zu helfen. Ich kam auf den Beruf Hundephysiotherapeutin \/ Kranknegymnastin. Nach einigen Recherchen, beschloss ich, auf die als erste gegr\u00fcndete Schule f\u00fcr Hundephysiotherapie namens Wosslick zu gehen. Im Jahr 2017 schloss ich meine Ausbildung dann erfolgreich ab. Nun bin ich bereit mit ganzem Herzen auf jeden 4-Beiner einzugehen um ihm ein m\u00f6glichst Schmerzfreieres und Bewegungsfreudigeres Leben zu erm\u00f6glichen.<\/p>\n\n\n<p>Im Juni 2019 heiratete ich meinen jetzigen Ehemann Remo M\u00fcller. Das Familiengl\u00fcck wurde perfekt als im September 2019 unser gemeinsamer Sohn Damian auf die Welt kam. Nun wohnen wir in Betschwanden, wo auch meine Praxis eingerichtet ist. Ich besuche regelm\u00e4ssig Weiterbildungen, damit ich auf dem neusten Stand bin.<\/p>\n\n\n\n<p><\/p>\n","protected":false},"excerpt":{"rendered":"<p>Schon seit ich denken kann, durfte ich die grenzenlose Liebe von Tieren erfahren und hatte zugleich das Gl\u00fcck mit Ihnen aufwachsen zu d\u00fcrfen. Am Anfang waren es zwei Katzen, danach waren es M\u00e4use, Meerschweinchen und Hasen, die ich gerettet und gepflegt habe. Meine Mutter unterst\u00fctzte mich in all meinen Ideen, half mir diese zu realisieren <a class=\"read-more\" href=\"https:\/\/movingdog.ch\/?page_id=19\">Read More<\/a><\/p>\n","protected":false},"author":1,"featured_media":0,"parent":0,"menu_order":0,"comment_status":"closed","ping_status":"closed","template":"","meta":{"footnotes":""},"class_list":["post-19","page","type-page","status-publish","hentry"],"_links":{"self":[{"href":"https:\/\/movingdog.ch\/index.php?rest_route=\/wp\/v2\/pages\/19"}],"collection":[{"href":"https:\/\/movingdog.ch\/index.php?rest_route=\/wp\/v2\/pages"}],"about":[{"href":"https:\/\/movingdog.ch\/index.php?rest_route=\/wp\/v2\/types\/page"}],"author":[{"embeddable":true,"href":"https:\/\/movingdog.ch\/index.php?rest_route=\/wp\/v2\/users\/1"}],"replies":[{"embeddable":true,"href":"https:\/\/movingdog.ch\/index.php?rest_route=%2Fwp%2Fv2%2Fcomments&post=19"}],"version-history":[{"count":4,"href":"https:\/\/movingdog.ch\/index.php?rest_route=\/wp\/v2\/pages\/19\/revisions"}],"predecessor-version":[{"id":151,"href":"https:\/\/movingdog.ch\/index.php?rest_route=\/wp\/v2\/pages\/19\/revisions\/151"}],"wp:attachment":[{"href":"https:\/\/movingdog.ch\/index.php?rest_route=%2Fwp%2Fv2%2Fmedia&parent=19"}],"curies":[{"name":"wp","href":"https:\/\/api.w.org\/{rel}","templated":true}]}}